{"id":4057,"date":"2023-12-11T04:07:05","date_gmt":"2023-12-11T04:07:05","guid":{"rendered":"https:\/\/claus-carla.ch\/general\/"},"modified":"2024-10-23T11:07:12","modified_gmt":"2024-10-23T11:07:12","slug":"general","status":"publish","type":"page","link":"https:\/\/claus-carla.ch\/fr\/general\/","title":{"rendered":"Impressum"},"content":{"rendered":"\t\t<div data-elementor-type=\"wp-page\" data-elementor-id=\"4057\" class=\"elementor elementor-4057 elementor-2022\">\n\t\t\t\t\t\t\t\t\t<section class=\"elementor-section elementor-top-section elementor-element elementor-element-60e51d62 elementor-section-full_width elementor-section-height-default elementor-section-height-default\" data-id=\"60e51d62\" data-element_type=\"section\">\n\t\t\t\t\t\t<div class=\"elementor-container elementor-column-gap-default\">\n\t\t\t\t\t<div class=\"elementor-column elementor-col-100 elementor-top-column elementor-element elementor-element-30a97587\" data-id=\"30a97587\" data-element_type=\"column\">\n\t\t\t<div class=\"elementor-widget-wrap elementor-element-populated\">\n\t\t\t\t\t\t\t\t<div class=\"elementor-element elementor-element-6e658b41 elementor-widget elementor-widget-hero_banner\" data-id=\"6e658b41\" data-element_type=\"widget\" data-widget_type=\"hero_banner.default\">\n\t\t\t\t<div class=\"elementor-widget-container\">\n\t\t\t\t\t\t<div class=\"hr-banner wrap-hero-banner\">\r\n\t\t\t\t<div class=\"content-banner\">\r\n\t\t\t\t\t<div class=\"col-left\">\r\n\t\t\t\t\t\t<h3 class=\"bn-heading\">Responsabilit\u00e9s<\/h3>\r\n\t\t\t\t\t\t<h1 class=\"bn-title\">Impressum<\/h1>\r\n\t\t\t\t\t\t<div class=\"sroll-down\"><a href=\"#bottom\"><\/a><\/div>\r\n\t\t\t\t\t<\/div>\r\n\t\t\t\t\t<div class=\"col-right\">\r\n\t\t\t\t\t\t<div class=\"bn-image\">\r\n\t\t\t\t\t\t\t<img decoding=\"async\" src=\"https:\/\/claus-carla.ch\/wp-content\/uploads\/2024\/10\/Impressum_Spiegel.png\">\r\n\t\t\t\t\t\t\t<div class=\"icon-logo\">\r\n\t\t\t\t\t\t\t\t<img decoding=\"async\" src=\"https:\/\/claus-carla.ch\/wp-content\/uploads\/2024\/10\/Claus-Carla-GIF-4.gif\" alt=\"\">\t\t\t\t\t\t\t<\/div>\r\n\t\t\t\t\t\t<\/div>\r\n\t\t\t\t\t<\/div>\r\n\t\t\t\t<\/div>\r\n\r\n\t\t\t<\/div>\r\n\t\t\t\t<\/div>\n\t\t\t\t<\/div>\n\t\t\t\t\t<\/div>\n\t\t<\/div>\n\t\t\t\t\t\t\t<\/div>\n\t\t<\/section>\n\t\t\t\t<section class=\"elementor-section elementor-top-section elementor-element elementor-element-fe87b2d st-general-content elementor-section-boxed elementor-section-height-default elementor-section-height-default\" data-id=\"fe87b2d\" data-element_type=\"section\">\n\t\t\t\t\t\t<div class=\"elementor-container elementor-column-gap-default\">\n\t\t\t\t\t<div class=\"elementor-column elementor-col-100 elementor-top-column elementor-element elementor-element-49cae8c col-general\" data-id=\"49cae8c\" data-element_type=\"column\">\n\t\t\t<div class=\"elementor-widget-wrap elementor-element-populated\">\n\t\t\t\t\t\t\t\t<div class=\"elementor-element elementor-element-f3cd8cf elementor-widget elementor-widget-heading\" data-id=\"f3cd8cf\" data-element_type=\"widget\" data-widget_type=\"heading.default\">\n\t\t\t\t<div class=\"elementor-widget-container\">\n\t\t\t<style>\/*! elementor - v3.15.0 - 02-08-2023 *\/\n.elementor-heading-title{padding:0;margin:0;line-height:1}.elementor-widget-heading .elementor-heading-title[class*=elementor-size-]>a{color:inherit;font-size:inherit;line-height:inherit}.elementor-widget-heading .elementor-heading-title.elementor-size-small{font-size:15px}.elementor-widget-heading .elementor-heading-title.elementor-size-medium{font-size:19px}.elementor-widget-heading .elementor-heading-title.elementor-size-large{font-size:29px}.elementor-widget-heading .elementor-heading-title.elementor-size-xl{font-size:39px}.elementor-widget-heading .elementor-heading-title.elementor-size-xxl{font-size:59px}<\/style><h3 class=\"elementor-heading-title elementor-size-default\">Adresse de Contact<\/h3>\t\t<\/div>\n\t\t\t\t<\/div>\n\t\t\t\t<div class=\"elementor-element elementor-element-22bf302 elementor-widget elementor-widget-text-editor\" data-id=\"22bf302\" data-element_type=\"widget\" data-widget_type=\"text-editor.default\">\n\t\t\t\t<div class=\"elementor-widget-container\">\n\t\t\t<style>\/*! elementor - v3.15.0 - 02-08-2023 *\/\n.elementor-widget-text-editor.elementor-drop-cap-view-stacked .elementor-drop-cap{background-color:#69727d;color:#fff}.elementor-widget-text-editor.elementor-drop-cap-view-framed .elementor-drop-cap{color:#69727d;border:3px solid;background-color:transparent}.elementor-widget-text-editor:not(.elementor-drop-cap-view-default) .elementor-drop-cap{margin-top:8px}.elementor-widget-text-editor:not(.elementor-drop-cap-view-default) .elementor-drop-cap-letter{width:1em;height:1em}.elementor-widget-text-editor .elementor-drop-cap{float:left;text-align:center;line-height:1;font-size:50px}.elementor-widget-text-editor .elementor-drop-cap-letter{display:inline-block}<\/style>\t\t\t\t<p>Coiffure Claus &amp; Carla<br \/>c\/o Mohn&rsquo;s Haarpflege AG<br \/>Zugerstrasse 77<br \/>6340 Baar<br \/>Suisse<\/p><p>Inscrit au registre du commerce du canton de Zoug :<br \/>UID: CHE-108.811.563<br \/>MWST-Nummer: CHE-108.811.563 MWST<\/p><p>Coiffure Claus &amp; Carla\u00a0<br \/>c\/o Louvan AG<br \/>Zugerstrasse 77<br \/>6340 Baar<br \/>Suisse<\/p><p>Inscrit au registre du commerce du canton de Zoug :<br \/>UID: CHE-110.173.246<br \/>Num\u00e9ro de TVA : CHE-110.173.246 TVA<br \/>T\u00e9l\u00e9phone +41 (0)41 760 10 60<br \/>Fax +41 (0)41 760 29 32<br \/><a href=\"mailto:marketing@mohns.ch\">marketing@mohns.ch<\/a><br \/><a href=\"mailto:personal@mohns.ch\">personal@mohns.ch<\/a><\/p>\t\t\t\t\t\t<\/div>\n\t\t\t\t<\/div>\n\t\t\t\t<div class=\"elementor-element elementor-element-490078a elementor-widget elementor-widget-heading\" data-id=\"490078a\" data-element_type=\"widget\" data-widget_type=\"heading.default\">\n\t\t\t\t<div class=\"elementor-widget-container\">\n\t\t\t<h3 class=\"elementor-heading-title elementor-size-default\">Adresse de la lettre<\/h3>\t\t<\/div>\n\t\t\t\t<\/div>\n\t\t\t\t<div class=\"elementor-element elementor-element-05b1038 elementor-widget elementor-widget-text-editor\" data-id=\"05b1038\" data-element_type=\"widget\" data-widget_type=\"text-editor.default\">\n\t\t\t\t<div class=\"elementor-widget-container\">\n\t\t\t\t\t\t\t<p>Coiffure Claus &amp; Carla\u00a0<br \/>c\/o Mohn&rsquo;s Haarpflege AG<br \/>Zugerstrasse 77<br \/>6340 Baar<br \/>Suisse<\/p><p>Coiffure Claus &amp; Carla<br \/>c\/o Louvan AG<br \/>Zugerstrasse 77<br \/>6340 Baar<br \/>Suisse<\/p>\t\t\t\t\t\t<\/div>\n\t\t\t\t<\/div>\n\t\t\t\t<div class=\"elementor-element elementor-element-e9adeef elementor-widget elementor-widget-heading\" data-id=\"e9adeef\" data-element_type=\"widget\" data-widget_type=\"heading.default\">\n\t\t\t\t<div class=\"elementor-widget-container\">\n\t\t\t<h3 class=\"elementor-heading-title elementor-size-default\">Conception de sites web et programmation<\/h3>\t\t<\/div>\n\t\t\t\t<\/div>\n\t\t\t\t<div class=\"elementor-element elementor-element-c4b62a6 elementor-widget elementor-widget-text-editor\" data-id=\"c4b62a6\" data-element_type=\"widget\" data-widget_type=\"text-editor.default\">\n\t\t\t\t<div class=\"elementor-widget-container\">\n\t\t\t\t\t\t\t<p>ONELINE AG<br \/>Hinterbergstrasse 32<br \/>6312 Steinhausen<br \/>+41 41 784 23 80<\/p>\n<p>www.one-line.ch<\/p>\n\t\t\t\t\t\t<\/div>\n\t\t\t\t<\/div>\n\t\t\t\t\t<\/div>\n\t\t<\/div>\n\t\t\t\t\t\t\t<\/div>\n\t\t<\/section>\n\t\t\t\t<section class=\"elementor-section elementor-top-section elementor-element elementor-element-f25b905 elementor-section-boxed elementor-section-height-default elementor-section-height-default\" data-id=\"f25b905\" data-element_type=\"section\">\n\t\t\t\t\t\t<div class=\"elementor-container elementor-column-gap-default\">\n\t\t\t\t\t<div class=\"elementor-column elementor-col-100 elementor-top-column elementor-element elementor-element-36f34ed\" data-id=\"36f34ed\" data-element_type=\"column\">\n\t\t\t<div class=\"elementor-widget-wrap elementor-element-populated\">\n\t\t\t\t\t\t\t\t<div class=\"elementor-element elementor-element-acabaea hide-acc-first elementor-widget elementor-widget-accordion\" data-id=\"acabaea\" data-element_type=\"widget\" data-widget_type=\"accordion.default\">\n\t\t\t\t<div class=\"elementor-widget-container\">\n\t\t\t<style>.elementor-accordion{text-align:left}.elementor-accordion .elementor-accordion-item{border:1px solid #d5d8dc}.elementor-accordion .elementor-accordion-item+.elementor-accordion-item{border-top:none}.elementor-accordion .elementor-tab-title{margin:0;padding:15px 20px;font-weight:700;line-height:1;cursor:pointer;outline:none}.elementor-accordion .elementor-tab-title .elementor-accordion-icon{display:inline-block;width:1.5em}.elementor-accordion .elementor-tab-title .elementor-accordion-icon svg{width:1em;height:1em}.elementor-accordion .elementor-tab-title .elementor-accordion-icon.elementor-accordion-icon-right{float:right;text-align:right}.elementor-accordion .elementor-tab-title .elementor-accordion-icon.elementor-accordion-icon-left{float:left;text-align:left}.elementor-accordion .elementor-tab-title .elementor-accordion-icon .elementor-accordion-icon-closed{display:block}.elementor-accordion .elementor-tab-title .elementor-accordion-icon .elementor-accordion-icon-opened,.elementor-accordion .elementor-tab-title.elementor-active .elementor-accordion-icon-closed{display:none}.elementor-accordion .elementor-tab-title.elementor-active .elementor-accordion-icon-opened{display:block}.elementor-accordion .elementor-tab-content{display:none;padding:15px 20px;border-top:1px solid #d5d8dc}@media (max-width:736px){.elementor-accordion .elementor-tab-title{padding:12px 15px}.elementor-accordion .elementor-tab-title .elementor-accordion-icon{width:1.2em}.elementor-accordion .elementor-tab-content{padding:7px 15px}}.e-con-inner>.elementor-widget-accordion,.e-con>.elementor-widget-accordion{width:var(--container-widget-width);--flex-grow:var(--container-widget-flex-grow)}<\/style>\t\t<div class=\"elementor-accordion\">\n\t\t\t\t\t\t\t<div class=\"elementor-accordion-item\">\n\t\t\t\t\t<div id=\"elementor-tab-title-1811\" class=\"elementor-tab-title\" data-tab=\"1\" role=\"button\" aria-controls=\"elementor-tab-content-1811\" aria-expanded=\"false\">\n\t\t\t\t\t\t\t\t\t\t\t\t\t<span class=\"elementor-accordion-icon elementor-accordion-icon-left\" aria-hidden=\"true\">\n\t\t\t\t\t\t\t\t\t\t\t\t\t\t\t<span class=\"elementor-accordion-icon-closed\"><i class=\"fas fa-chevron-down\"><\/i><\/span>\n\t\t\t\t\t\t\t\t<span class=\"elementor-accordion-icon-opened\"><i class=\"fas fa-chevron-up\"><\/i><\/span>\n\t\t\t\t\t\t\t\t\t\t\t\t\t\t<\/span>\n\t\t\t\t\t\t\t\t\t\t\t\t<a class=\"elementor-accordion-title\" tabindex=\"0\">Hidden Item First<\/a>\n\t\t\t\t\t<\/div>\n\t\t\t\t\t<div id=\"elementor-tab-content-1811\" class=\"elementor-tab-content elementor-clearfix\" data-tab=\"1\" role=\"region\" aria-labelledby=\"elementor-tab-title-1811\"><\/div>\n\t\t\t\t<\/div>\n\t\t\t\t\t\t\t<div class=\"elementor-accordion-item\">\n\t\t\t\t\t<div id=\"elementor-tab-title-1812\" class=\"elementor-tab-title\" data-tab=\"2\" role=\"button\" aria-controls=\"elementor-tab-content-1812\" aria-expanded=\"false\">\n\t\t\t\t\t\t\t\t\t\t\t\t\t<span class=\"elementor-accordion-icon elementor-accordion-icon-left\" aria-hidden=\"true\">\n\t\t\t\t\t\t\t\t\t\t\t\t\t\t\t<span class=\"elementor-accordion-icon-closed\"><i class=\"fas fa-chevron-down\"><\/i><\/span>\n\t\t\t\t\t\t\t\t<span class=\"elementor-accordion-icon-opened\"><i class=\"fas fa-chevron-up\"><\/i><\/span>\n\t\t\t\t\t\t\t\t\t\t\t\t\t\t<\/span>\n\t\t\t\t\t\t\t\t\t\t\t\t<a class=\"elementor-accordion-title\" tabindex=\"0\"><\/a>\n\t\t\t\t\t<\/div>\n\t\t\t\t\t<div id=\"elementor-tab-content-1812\" class=\"elementor-tab-content elementor-clearfix\" data-tab=\"2\" role=\"region\" aria-labelledby=\"elementor-tab-title-1812\"><p>Update FR text here.<\/p><\/div>\n\t\t\t\t<\/div>\n\t\t\t\t\t\t\t\t<\/div>\n\t\t\t\t<\/div>\n\t\t\t\t<\/div>\n\t\t\t\t\t<\/div>\n\t\t<\/div>\n\t\t\t\t\t\t\t<\/div>\n\t\t<\/section>\n\t\t\t\t\t\t\t<\/div>\n\t\t","protected":false},"excerpt":{"rendered":"<p>Responsabilit\u00e9s Impressum Adresse de Contact Coiffure Claus &amp; Carlac\/o Mohn&rsquo;s Haarpflege AGZugerstrasse 776340 BaarSuisse Inscrit au registre du commerce du canton de Zoug :UID: CHE-108.811.563MWST-Nummer: CHE-108.811.563 MWST Coiffure Claus &amp; Carla\u00a0c\/o Louvan AGZugerstrasse 776340 BaarSuisse Inscrit au registre du commerce du canton de Zoug :UID: CHE-110.173.246Num\u00e9ro de TVA : CHE-110.173.246 TVAT\u00e9l\u00e9phone +41 (0)41 760 10 [&hellip;]<\/p>\n","protected":false},"author":1,"featured_media":0,"parent":0,"menu_order":0,"comment_status":"closed","ping_status":"closed","template":"","meta":{"_acf_changed":false,"footnotes":""},"class_list":["post-4057","page","type-page","status-publish","hentry"],"acf":[],"yoast_head":"<!-- This site is optimized with the Yoast SEO plugin v27.6 - https:\/\/yoast.com\/product\/yoast-seo-wordpress\/ -->\n<title>Impressum - Coiffure Claus &amp; Carla<\/title>\n<meta name=\"robots\" content=\"noindex, nofollow\" \/>\n<meta property=\"og:locale\" content=\"fr_FR\" \/>\n<meta property=\"og:type\" content=\"article\" \/>\n<meta property=\"og:title\" content=\"Impressum - Coiffure Claus &amp; Carla\" \/>\n<meta property=\"og:description\" content=\"Responsabilit\u00e9s Impressum Adresse de Contact Coiffure Claus &amp; Carlac\/o Mohn&rsquo;s Haarpflege AGZugerstrasse 776340 BaarSuisse Inscrit au registre du commerce du canton de Zoug :UID: CHE-108.811.563MWST-Nummer: CHE-108.811.563 MWST Coiffure Claus &amp; Carla\u00a0c\/o Louvan AGZugerstrasse 776340 BaarSuisse Inscrit au registre du commerce du canton de Zoug :UID: CHE-110.173.246Num\u00e9ro de TVA : CHE-110.173.246 TVAT\u00e9l\u00e9phone +41 (0)41 760 10 [&hellip;]\" \/>\n<meta property=\"og:url\" content=\"https:\/\/claus-carla.ch\/fr\/general\/\" \/>\n<meta property=\"og:site_name\" content=\"Coiffure Claus &amp; Carla\" \/>\n<meta property=\"article:modified_time\" content=\"2024-10-23T11:07:12+00:00\" \/>\n<meta property=\"og:image\" content=\"https:\/\/claus-carla.ch\/wp-content\/uploads\/2024\/10\/Impressum_Spiegel.png\" \/>\n<meta name=\"twitter:card\" content=\"summary_large_image\" \/>\n<meta name=\"twitter:label1\" content=\"Dur\u00e9e de lecture estim\u00e9e\" \/>\n\t<meta name=\"twitter:data1\" content=\"2 minutes\" \/>\n<script type=\"application\/ld+json\" class=\"yoast-schema-graph\">{\"@context\":\"https:\\\/\\\/schema.org\",\"@graph\":[{\"@type\":\"WebPage\",\"@id\":\"https:\\\/\\\/claus-carla.ch\\\/fr\\\/general\\\/\",\"url\":\"https:\\\/\\\/claus-carla.ch\\\/fr\\\/general\\\/\",\"name\":\"Impressum - Coiffure Claus &amp; Carla\",\"isPartOf\":{\"@id\":\"https:\\\/\\\/claus-carla.ch\\\/en\\\/#website\"},\"primaryImageOfPage\":{\"@id\":\"https:\\\/\\\/claus-carla.ch\\\/fr\\\/general\\\/#primaryimage\"},\"image\":{\"@id\":\"https:\\\/\\\/claus-carla.ch\\\/fr\\\/general\\\/#primaryimage\"},\"thumbnailUrl\":\"https:\\\/\\\/claus-carla.ch\\\/wp-content\\\/uploads\\\/2024\\\/10\\\/Impressum_Spiegel.png\",\"datePublished\":\"2023-12-11T04:07:05+00:00\",\"dateModified\":\"2024-10-23T11:07:12+00:00\",\"breadcrumb\":{\"@id\":\"https:\\\/\\\/claus-carla.ch\\\/fr\\\/general\\\/#breadcrumb\"},\"inLanguage\":\"fr-FR\",\"potentialAction\":[{\"@type\":\"ReadAction\",\"target\":[\"https:\\\/\\\/claus-carla.ch\\\/fr\\\/general\\\/\"]}]},{\"@type\":\"ImageObject\",\"inLanguage\":\"fr-FR\",\"@id\":\"https:\\\/\\\/claus-carla.ch\\\/fr\\\/general\\\/#primaryimage\",\"url\":\"https:\\\/\\\/claus-carla.ch\\\/wp-content\\\/uploads\\\/2024\\\/10\\\/Impressum_Spiegel.png\",\"contentUrl\":\"https:\\\/\\\/claus-carla.ch\\\/wp-content\\\/uploads\\\/2024\\\/10\\\/Impressum_Spiegel.png\"},{\"@type\":\"BreadcrumbList\",\"@id\":\"https:\\\/\\\/claus-carla.ch\\\/fr\\\/general\\\/#breadcrumb\",\"itemListElement\":[{\"@type\":\"ListItem\",\"position\":1,\"name\":\"Startseite\",\"item\":\"https:\\\/\\\/claus-carla.ch\\\/fr\\\/\"},{\"@type\":\"ListItem\",\"position\":2,\"name\":\"Impressum\"}]},{\"@type\":\"WebSite\",\"@id\":\"https:\\\/\\\/claus-carla.ch\\\/en\\\/#website\",\"url\":\"https:\\\/\\\/claus-carla.ch\\\/en\\\/\",\"name\":\"Coiffure Claus &amp; Carla\",\"description\":\"\",\"publisher\":{\"@id\":\"https:\\\/\\\/claus-carla.ch\\\/en\\\/#organization\"},\"potentialAction\":[{\"@type\":\"SearchAction\",\"target\":{\"@type\":\"EntryPoint\",\"urlTemplate\":\"https:\\\/\\\/claus-carla.ch\\\/en\\\/?s={search_term_string}\"},\"query-input\":{\"@type\":\"PropertyValueSpecification\",\"valueRequired\":true,\"valueName\":\"search_term_string\"}}],\"inLanguage\":\"fr-FR\"},{\"@type\":\"Organization\",\"@id\":\"https:\\\/\\\/claus-carla.ch\\\/en\\\/#organization\",\"name\":\"Coiffure Claus &amp; Carla\",\"url\":\"https:\\\/\\\/claus-carla.ch\\\/en\\\/\",\"logo\":{\"@type\":\"ImageObject\",\"inLanguage\":\"fr-FR\",\"@id\":\"https:\\\/\\\/claus-carla.ch\\\/en\\\/#\\\/schema\\\/logo\\\/image\\\/\",\"url\":\"https:\\\/\\\/claus-carla.ch\\\/wp-content\\\/uploads\\\/2023\\\/07\\\/logo-white-header.png\",\"contentUrl\":\"https:\\\/\\\/claus-carla.ch\\\/wp-content\\\/uploads\\\/2023\\\/07\\\/logo-white-header.png\",\"width\":192,\"height\":69,\"caption\":\"Coiffure Claus &amp; Carla\"},\"image\":{\"@id\":\"https:\\\/\\\/claus-carla.ch\\\/en\\\/#\\\/schema\\\/logo\\\/image\\\/\"}}]}<\/script>\n<!-- \/ Yoast SEO plugin. -->","yoast_head_json":{"title":"Impressum - Coiffure Claus &amp; Carla","robots":{"index":"noindex","follow":"nofollow"},"og_locale":"fr_FR","og_type":"article","og_title":"Impressum - Coiffure Claus &amp; Carla","og_description":"Responsabilit\u00e9s Impressum Adresse de Contact Coiffure Claus &amp; Carlac\/o Mohn&rsquo;s Haarpflege AGZugerstrasse 776340 BaarSuisse Inscrit au registre du commerce du canton de Zoug :UID: CHE-108.811.563MWST-Nummer: CHE-108.811.563 MWST Coiffure Claus &amp; Carla\u00a0c\/o Louvan AGZugerstrasse 776340 BaarSuisse Inscrit au registre du commerce du canton de Zoug :UID: CHE-110.173.246Num\u00e9ro de TVA : CHE-110.173.246 TVAT\u00e9l\u00e9phone +41 (0)41 760 10 [&hellip;]","og_url":"https:\/\/claus-carla.ch\/fr\/general\/","og_site_name":"Coiffure Claus &amp; Carla","article_modified_time":"2024-10-23T11:07:12+00:00","og_image":[{"url":"https:\/\/claus-carla.ch\/wp-content\/uploads\/2024\/10\/Impressum_Spiegel.png","type":"","width":"","height":""}],"twitter_card":"summary_large_image","twitter_misc":{"Dur\u00e9e de lecture estim\u00e9e":"2 minutes"},"schema":{"@context":"https:\/\/schema.org","@graph":[{"@type":"WebPage","@id":"https:\/\/claus-carla.ch\/fr\/general\/","url":"https:\/\/claus-carla.ch\/fr\/general\/","name":"Impressum - Coiffure Claus &amp; Carla","isPartOf":{"@id":"https:\/\/claus-carla.ch\/en\/#website"},"primaryImageOfPage":{"@id":"https:\/\/claus-carla.ch\/fr\/general\/#primaryimage"},"image":{"@id":"https:\/\/claus-carla.ch\/fr\/general\/#primaryimage"},"thumbnailUrl":"https:\/\/claus-carla.ch\/wp-content\/uploads\/2024\/10\/Impressum_Spiegel.png","datePublished":"2023-12-11T04:07:05+00:00","dateModified":"2024-10-23T11:07:12+00:00","breadcrumb":{"@id":"https:\/\/claus-carla.ch\/fr\/general\/#breadcrumb"},"inLanguage":"fr-FR","potentialAction":[{"@type":"ReadAction","target":["https:\/\/claus-carla.ch\/fr\/general\/"]}]},{"@type":"ImageObject","inLanguage":"fr-FR","@id":"https:\/\/claus-carla.ch\/fr\/general\/#primaryimage","url":"https:\/\/claus-carla.ch\/wp-content\/uploads\/2024\/10\/Impressum_Spiegel.png","contentUrl":"https:\/\/claus-carla.ch\/wp-content\/uploads\/2024\/10\/Impressum_Spiegel.png"},{"@type":"BreadcrumbList","@id":"https:\/\/claus-carla.ch\/fr\/general\/#breadcrumb","itemListElement":[{"@type":"ListItem","position":1,"name":"Startseite","item":"https:\/\/claus-carla.ch\/fr\/"},{"@type":"ListItem","position":2,"name":"Impressum"}]},{"@type":"WebSite","@id":"https:\/\/claus-carla.ch\/en\/#website","url":"https:\/\/claus-carla.ch\/en\/","name":"Coiffure Claus &amp; Carla","description":"","publisher":{"@id":"https:\/\/claus-carla.ch\/en\/#organization"},"potentialAction":[{"@type":"SearchAction","target":{"@type":"EntryPoint","urlTemplate":"https:\/\/claus-carla.ch\/en\/?s={search_term_string}"},"query-input":{"@type":"PropertyValueSpecification","valueRequired":true,"valueName":"search_term_string"}}],"inLanguage":"fr-FR"},{"@type":"Organization","@id":"https:\/\/claus-carla.ch\/en\/#organization","name":"Coiffure Claus &amp; Carla","url":"https:\/\/claus-carla.ch\/en\/","logo":{"@type":"ImageObject","inLanguage":"fr-FR","@id":"https:\/\/claus-carla.ch\/en\/#\/schema\/logo\/image\/","url":"https:\/\/claus-carla.ch\/wp-content\/uploads\/2023\/07\/logo-white-header.png","contentUrl":"https:\/\/claus-carla.ch\/wp-content\/uploads\/2023\/07\/logo-white-header.png","width":192,"height":69,"caption":"Coiffure Claus &amp; Carla"},"image":{"@id":"https:\/\/claus-carla.ch\/en\/#\/schema\/logo\/image\/"}}]}},"_links":{"self":[{"href":"https:\/\/claus-carla.ch\/fr\/wp-json\/wp\/v2\/pages\/4057","targetHints":{"allow":["GET"]}}],"collection":[{"href":"https:\/\/claus-carla.ch\/fr\/wp-json\/wp\/v2\/pages"}],"about":[{"href":"https:\/\/claus-carla.ch\/fr\/wp-json\/wp\/v2\/types\/page"}],"author":[{"embeddable":true,"href":"https:\/\/claus-carla.ch\/fr\/wp-json\/wp\/v2\/users\/1"}],"replies":[{"embeddable":true,"href":"https:\/\/claus-carla.ch\/fr\/wp-json\/wp\/v2\/comments?post=4057"}],"version-history":[{"count":41,"href":"https:\/\/claus-carla.ch\/fr\/wp-json\/wp\/v2\/pages\/4057\/revisions"}],"predecessor-version":[{"id":9995,"href":"https:\/\/claus-carla.ch\/fr\/wp-json\/wp\/v2\/pages\/4057\/revisions\/9995"}],"wp:attachment":[{"href":"https:\/\/claus-carla.ch\/fr\/wp-json\/wp\/v2\/media?parent=4057"}],"curies":[{"name":"wp","href":"https:\/\/api.w.org\/{rel}","templated":true}]}}